{"id":39,"date":"2021-03-11T13:16:25","date_gmt":"2021-03-11T11:16:25","guid":{"rendered":"http:\/\/localhost\/wordpress\/?page_id=39"},"modified":"2021-05-14T14:43:53","modified_gmt":"2021-05-14T11:43:53","slug":"http-www-piikallio-fi","status":"publish","type":"page","link":"https:\/\/www.piikallio.fi\/","title":{"rendered":"Piikallio"},"content":{"rendered":"<p><img loading=\"lazy\" decoding=\"async\" class=\"size-full wp-image-174 aligncenter\" src=\"http:\/\/www.piikallio.fi\/wp-content\/uploads\/2021\/04\/etusivu2165-1.jpg\" alt=\"\" width=\"888\" height=\"236\" \/><\/p>\n<p><strong>Riskienhallinta &amp; turvallisuus<\/strong><\/p>\n<p>Piikallio oy avustaa yrityksi\u00e4 ja yhteis\u00f6j\u00e4 riskienhallintaan ja turvallisuuteen liittyviss\u00e4 asioissa.<br \/>\nTuotteitamme ovat tehokkaat laskenta-, raportointi- ja p\u00e4\u00e4t\u00f6ksentekomenetelm\u00e4t.<br \/>\nR\u00e4\u00e4t\u00e4l\u00f6it\u00e4vi\u00e4 ATK-sovelluksia on saatavissa seuraavista aiheista:<\/p>\n<ul>\n<li>Ty\u00f6pajamenettelyll\u00e4 tehdyt riskikartoitukset<\/li>\n<li>Ty\u00f6maan turvallisuustarkastusten dokumentointi ja raportointi<\/li>\n<li>Savunhallintaan liittyv\u00e4t mitoitusohjelmat<\/li>\n<\/ul>\n<p>&nbsp;<\/p>\n<p>Perustettu vuonna 1992\u00a0 \u00a0 \u00a0 \u00a0 \u00a0 \u00a0 \u00a0 \u00a0 \u00a0 \u00a0 \u00a0 \u00a0 \u00a0 \u00a0 \u00a0 \u00a0 \u00a0 \u00a0 \u00a0 \u00a0 \u00a0 \u00a0 \u00a0 \u00a0 \u00a0 \u00a0 \u00a0 \u00a0 \u00a0 \u00a0 \u00a0 \u00a0 \u00a0 \u00a0 \u00a0 \u00a0 \u00a0 \u00a0 \u00a0 \u00a0 \u00a0 \u00a0 \u00a0Y-tunnus 0906595-1.<\/p>\n","protected":false},"excerpt":{"rendered":"<p>Riskienhallinta &amp; turvallisuus Piikallio oy avustaa yrityksi\u00e4 ja yhteis\u00f6j\u00e4 riskienhallintaan ja turvallisuuteen liittyviss\u00e4 asioissa. Tuotteitamme ovat tehokkaat laskenta-, raportointi- ja p\u00e4\u00e4t\u00f6ksentekomenetelm\u00e4t. R\u00e4\u00e4t\u00e4l\u00f6it\u00e4vi\u00e4 ATK-sovelluksia on saatavissa seuraavista aiheista: Ty\u00f6pajamenettelyll\u00e4 tehdyt riskikartoitukset Ty\u00f6maan turvallisuustarkastusten dokumentointi ja raportointi Savunhallintaan liittyv\u00e4t mitoitusohjelmat &nbsp; Perustettu vuonna 1992\u00a0 \u00a0 \u00a0 \u00a0 \u00a0 \u00a0 \u00a0 \u00a0 \u00a0 \u00a0 \u00a0 \u00a0 \u00a0 \u00a0 [&hellip;]<\/p>\n","protected":false},"author":1,"featured_media":0,"parent":0,"menu_order":0,"comment_status":"closed","ping_status":"closed","template":"","meta":{"footnotes":""},"class_list":["post-39","page","type-page","status-publish","hentry"],"yoast_head":"<!-- This site is optimized with the Yoast SEO plugin v15.9.2 - https:\/\/yoast.com\/wordpress\/plugins\/seo\/ -->\n<title>Piikallio - Piikallio<\/title>\n<meta name=\"description\" content=\"Piikallio oy avustaa yrityksi\u00e4 ja yhteis\u00f6j\u00e4 riskienhallintaan ja turvallisuuteen liittyviss\u00e4 asioissa.\" \/>\n<link rel=\"canonical\" href=\"https:\/\/www.piikallio.fi\/\" \/>\n<meta property=\"og:locale\" content=\"fi_FI\" \/>\n<meta property=\"og:type\" content=\"article\" \/>\n<meta property=\"og:title\" content=\"Piikallio - Piikallio\" \/>\n<meta property=\"og:description\" content=\"Piikallio oy avustaa yrityksi\u00e4 ja yhteis\u00f6j\u00e4 riskienhallintaan ja turvallisuuteen liittyviss\u00e4 asioissa.\" \/>\n<meta property=\"og:url\" content=\"https:\/\/www.piikallio.fi\/\" \/>\n<meta property=\"og:site_name\" content=\"Piikallio\" \/>\n<meta property=\"article:modified_time\" content=\"2021-05-14T11:43:53+00:00\" \/>\n<meta property=\"og:image\" content=\"http:\/\/www.piikallio.fi\/wp-content\/uploads\/2021\/04\/etusivu2165-1.jpg\" \/>\n<meta name=\"twitter:card\" content=\"summary_large_image\" \/>\n<meta name=\"twitter:label1\" content=\"Est. reading time\">\n\t<meta name=\"twitter:data1\" content=\"1 minuutti\">\n<script type=\"application\/ld+json\" class=\"yoast-schema-graph\">{\"@context\":\"https:\/\/schema.org\",\"@graph\":[{\"@type\":\"WebSite\",\"@id\":\"https:\/\/www.piikallio.fi\/#website\",\"url\":\"https:\/\/www.piikallio.fi\/\",\"name\":\"Piikallio\",\"description\":\"\",\"potentialAction\":[{\"@type\":\"SearchAction\",\"target\":\"https:\/\/www.piikallio.fi\/?s={search_term_string}\",\"query-input\":\"required name=search_term_string\"}],\"inLanguage\":\"fi\"},{\"@type\":\"ImageObject\",\"@id\":\"https:\/\/www.piikallio.fi\/#primaryimage\",\"inLanguage\":\"fi\",\"url\":\"http:\/\/www.piikallio.fi\/wp-content\/uploads\/2021\/04\/etusivu2165-1.jpg\"},{\"@type\":\"WebPage\",\"@id\":\"https:\/\/www.piikallio.fi\/#webpage\",\"url\":\"https:\/\/www.piikallio.fi\/\",\"name\":\"Piikallio - Piikallio\",\"isPartOf\":{\"@id\":\"https:\/\/www.piikallio.fi\/#website\"},\"primaryImageOfPage\":{\"@id\":\"https:\/\/www.piikallio.fi\/#primaryimage\"},\"datePublished\":\"2021-03-11T11:16:25+00:00\",\"dateModified\":\"2021-05-14T11:43:53+00:00\",\"description\":\"Piikallio oy avustaa yrityksi\\u00e4 ja yhteis\\u00f6j\\u00e4 riskienhallintaan ja turvallisuuteen liittyviss\\u00e4 asioissa.\",\"breadcrumb\":{\"@id\":\"https:\/\/www.piikallio.fi\/#breadcrumb\"},\"inLanguage\":\"fi\",\"potentialAction\":[{\"@type\":\"ReadAction\",\"target\":[\"https:\/\/www.piikallio.fi\/\"]}]},{\"@type\":\"BreadcrumbList\",\"@id\":\"https:\/\/www.piikallio.fi\/#breadcrumb\",\"itemListElement\":[{\"@type\":\"ListItem\",\"position\":1,\"item\":{\"@type\":\"WebPage\",\"@id\":\"https:\/\/www.piikallio.fi\/\",\"url\":\"https:\/\/www.piikallio.fi\/\",\"name\":\"Etusivu\"}},{\"@type\":\"ListItem\",\"position\":2,\"item\":{\"@type\":\"WebPage\",\"@id\":\"https:\/\/www.piikallio.fi\/\",\"url\":\"https:\/\/www.piikallio.fi\/\",\"name\":\"Piikallio\"}}]}]}<\/script>\n<!-- \/ Yoast SEO plugin. -->","_links":{"self":[{"href":"https:\/\/www.piikallio.fi\/index.php?rest_route=\/wp\/v2\/pages\/39","targetHints":{"allow":["GET"]}}],"collection":[{"href":"https:\/\/www.piikallio.fi\/index.php?rest_route=\/wp\/v2\/pages"}],"about":[{"href":"https:\/\/www.piikallio.fi\/index.php?rest_route=\/wp\/v2\/types\/page"}],"author":[{"embeddable":true,"href":"https:\/\/www.piikallio.fi\/index.php?rest_route=\/wp\/v2\/users\/1"}],"replies":[{"embeddable":true,"href":"https:\/\/www.piikallio.fi\/index.php?rest_route=%2Fwp%2Fv2%2Fcomments&post=39"}],"version-history":[{"count":13,"href":"https:\/\/www.piikallio.fi\/index.php?rest_route=\/wp\/v2\/pages\/39\/revisions"}],"predecessor-version":[{"id":249,"href":"https:\/\/www.piikallio.fi\/index.php?rest_route=\/wp\/v2\/pages\/39\/revisions\/249"}],"wp:attachment":[{"href":"https:\/\/www.piikallio.fi\/index.php?rest_route=%2Fwp%2Fv2%2Fmedia&parent=39"}],"curies":[{"name":"wp","href":"https:\/\/api.w.org\/{rel}","templated":true}]}}