{"id":36,"date":"2021-03-11T13:15:52","date_gmt":"2021-03-11T11:15:52","guid":{"rendered":"http:\/\/localhost\/wordpress\/?page_id=36"},"modified":"2021-05-12T11:21:15","modified_gmt":"2021-05-12T08:21:15","slug":"rakennusten-savunhallinnan-suunnittelu","status":"publish","type":"page","link":"https:\/\/www.piikallio.fi\/?page_id=36","title":{"rendered":"Riskienhallintaty\u00f6paja"},"content":{"rendered":"<h2><b><i>Menetelm\u00e4n p\u00e4\u00e4kohdat<\/i><\/b><\/h2>\n<ul>\n<li><b><i><\/i><\/b><b><i>Yksi tai\u00a0<\/i><\/b><b><i>useampia asiantuntijakokouksia<\/i><\/b><\/li>\n<li><b><i>Ty\u00f6kalu tietojen kirjaamiseen ja k\u00e4sittelyyn<\/i><\/b><\/li>\n<li><b><i>Kaikki n\u00e4kev\u00e4t koko ajan kirjatut tiedot \u2013 v\u00e4lit\u00f6n kommentointimahdollisuus<\/i><\/b><\/li>\n<li><b><i>Tapaukset, vaaratilanteet ja torjuntatoimet sek\u00e4 vastuuhenkil\u00f6t kirjataan alustavasti<\/i><\/b><\/li>\n<\/ul>\n<p>\u200b<\/p>\n","protected":false},"excerpt":{"rendered":"<p>Menetelm\u00e4n p\u00e4\u00e4kohdat Yksi tai\u00a0useampia asiantuntijakokouksia Ty\u00f6kalu tietojen kirjaamiseen ja k\u00e4sittelyyn Kaikki n\u00e4kev\u00e4t koko ajan kirjatut tiedot \u2013 v\u00e4lit\u00f6n kommentointimahdollisuus Tapaukset, vaaratilanteet ja torjuntatoimet sek\u00e4 vastuuhenkil\u00f6t kirjataan alustavasti \u200b<\/p>\n","protected":false},"author":1,"featured_media":0,"parent":0,"menu_order":0,"comment_status":"closed","ping_status":"closed","template":"","meta":{"footnotes":""},"class_list":["post-36","page","type-page","status-publish","hentry"],"yoast_head":"<!-- This site is optimized with the Yoast SEO plugin v15.9.2 - https:\/\/yoast.com\/wordpress\/plugins\/seo\/ -->\n<title>Riskienhallintaty\u00f6paja - Piikallio<\/title>\n<link rel=\"canonical\" href=\"https:\/\/www.piikallio.fi\/?page_id=36\" \/>\n<meta property=\"og:locale\" content=\"fi_FI\" \/>\n<meta property=\"og:type\" content=\"article\" \/>\n<meta property=\"og:title\" content=\"Riskienhallintaty\u00f6paja - Piikallio\" \/>\n<meta property=\"og:description\" content=\"Menetelm\u00e4n p\u00e4\u00e4kohdat Yksi tai\u00a0useampia asiantuntijakokouksia Ty\u00f6kalu tietojen kirjaamiseen ja k\u00e4sittelyyn Kaikki n\u00e4kev\u00e4t koko ajan kirjatut tiedot \u2013 v\u00e4lit\u00f6n kommentointimahdollisuus Tapaukset, vaaratilanteet ja torjuntatoimet sek\u00e4 vastuuhenkil\u00f6t kirjataan alustavasti \u200b\" \/>\n<meta property=\"og:url\" content=\"https:\/\/www.piikallio.fi\/?page_id=36\" \/>\n<meta property=\"og:site_name\" content=\"Piikallio\" \/>\n<meta property=\"article:modified_time\" content=\"2021-05-12T08:21:15+00:00\" \/>\n<meta name=\"twitter:card\" content=\"summary_large_image\" \/>\n<meta name=\"twitter:label1\" content=\"Est. reading time\">\n\t<meta name=\"twitter:data1\" content=\"1 minuutti\">\n<script type=\"application\/ld+json\" class=\"yoast-schema-graph\">{\"@context\":\"https:\/\/schema.org\",\"@graph\":[{\"@type\":\"WebSite\",\"@id\":\"https:\/\/www.piikallio.fi\/#website\",\"url\":\"https:\/\/www.piikallio.fi\/\",\"name\":\"Piikallio\",\"description\":\"\",\"potentialAction\":[{\"@type\":\"SearchAction\",\"target\":\"https:\/\/www.piikallio.fi\/?s={search_term_string}\",\"query-input\":\"required name=search_term_string\"}],\"inLanguage\":\"fi\"},{\"@type\":\"WebPage\",\"@id\":\"https:\/\/www.piikallio.fi\/?page_id=36#webpage\",\"url\":\"https:\/\/www.piikallio.fi\/?page_id=36\",\"name\":\"Riskienhallintaty\\u00f6paja - Piikallio\",\"isPartOf\":{\"@id\":\"https:\/\/www.piikallio.fi\/#website\"},\"datePublished\":\"2021-03-11T11:15:52+00:00\",\"dateModified\":\"2021-05-12T08:21:15+00:00\",\"breadcrumb\":{\"@id\":\"https:\/\/www.piikallio.fi\/?page_id=36#breadcrumb\"},\"inLanguage\":\"fi\",\"potentialAction\":[{\"@type\":\"ReadAction\",\"target\":[\"https:\/\/www.piikallio.fi\/?page_id=36\"]}]},{\"@type\":\"BreadcrumbList\",\"@id\":\"https:\/\/www.piikallio.fi\/?page_id=36#breadcrumb\",\"itemListElement\":[{\"@type\":\"ListItem\",\"position\":1,\"item\":{\"@type\":\"WebPage\",\"@id\":\"https:\/\/www.piikallio.fi\/\",\"url\":\"https:\/\/www.piikallio.fi\/\",\"name\":\"Etusivu\"}},{\"@type\":\"ListItem\",\"position\":2,\"item\":{\"@type\":\"WebPage\",\"@id\":\"https:\/\/www.piikallio.fi\/?page_id=36\",\"url\":\"https:\/\/www.piikallio.fi\/?page_id=36\",\"name\":\"Riskienhallintaty\\u00f6paja\"}}]}]}<\/script>\n<!-- \/ Yoast SEO plugin. -->","_links":{"self":[{"href":"https:\/\/www.piikallio.fi\/index.php?rest_route=\/wp\/v2\/pages\/36","targetHints":{"allow":["GET"]}}],"collection":[{"href":"https:\/\/www.piikallio.fi\/index.php?rest_route=\/wp\/v2\/pages"}],"about":[{"href":"https:\/\/www.piikallio.fi\/index.php?rest_route=\/wp\/v2\/types\/page"}],"author":[{"embeddable":true,"href":"https:\/\/www.piikallio.fi\/index.php?rest_route=\/wp\/v2\/users\/1"}],"replies":[{"embeddable":true,"href":"https:\/\/www.piikallio.fi\/index.php?rest_route=%2Fwp%2Fv2%2Fcomments&post=36"}],"version-history":[{"count":6,"href":"https:\/\/www.piikallio.fi\/index.php?rest_route=\/wp\/v2\/pages\/36\/revisions"}],"predecessor-version":[{"id":233,"href":"https:\/\/www.piikallio.fi\/index.php?rest_route=\/wp\/v2\/pages\/36\/revisions\/233"}],"wp:attachment":[{"href":"https:\/\/www.piikallio.fi\/index.php?rest_route=%2Fwp%2Fv2%2Fmedia&parent=36"}],"curies":[{"name":"wp","href":"https:\/\/api.w.org\/{rel}","templated":true}]}}