{"id":90,"date":"2021-03-17T14:11:42","date_gmt":"2021-03-17T12:11:42","guid":{"rendered":"http:\/\/localhost\/wordpress\/?page_id=90"},"modified":"2021-05-13T09:22:07","modified_gmt":"2021-05-13T06:22:07","slug":"turvallisuustarkastusohjelma","status":"publish","type":"page","link":"http:\/\/www.piikallio.fi\/?page_id=90","title":{"rendered":"Turvallisuustarkastusohjelma"},"content":{"rendered":"<ul>\n<li><b>1. Ty\u00f6maakohtaisen sovelluksen k\u00e4ytt\u00f6\u00f6notto<\/b>\u200b<\/li>\n<li><i>Piikallion ty\u00f6ntekij\u00e4 k\u00e4ynnist\u00e4\u00e4 ja opastaa alkuun<\/i>\u200b<\/li>\n<li><i>Projektin alussa m\u00e4\u00e4ritet\u00e4\u00e4n mm. seurattavat asiat ja ty\u00f6maan alueet\u00a0<\/i>\u200b<\/li>\n<li><i>Viikkotarkastuskierroksen yhteydess\u00e4 kirjattavat vahingot, vaaratilanteet ja turvallisuushavainnot <\/i>\u200b<\/li>\n<li><b>2. Tarkastusp\u00f6yt\u00e4kirjan laatiminen<\/b>\u200b<\/li>\n<li><em>Turvallisuusp\u00e4\u00e4llikk\u00f6 kirjaa havainnot tarkastuskohteessa tai heti ty\u00f6maakierroksen j\u00e4lkeen\u200b<\/em><\/li>\n<li><em>Ty\u00f6maakohtaisesti tehtyjen valintaikkunoiden k\u00e4ytt\u00f6 nopeuttaa kirjaamista<\/em>\u200b<\/li>\n<li><b>3. Viikkotarkastusraportit<\/b>\u200b<\/li>\n<li><em>Virallinen tarkastusp\u00f6yt\u00e4kirja, aiheittain ryhmiteltyn\u00e4 sis\u00e4lt\u00e4en huomautusten otsikot\u200b<\/em><\/li>\n<li><em>Tarkastusp\u00f6yt\u00e4kirjan liite alueittain ryhmiteltyn\u00e4 sis\u00e4lt\u00e4en lis\u00e4ksi selostukset\u200b<\/em><\/li>\n<li><em>Korjauskehotukset urakoitsijoittain<\/em>\u200b<\/li>\n<li><b>4. Kausiraportit<\/b>\u200b<\/li>\n<li><em>Saadaan tarkastusp\u00f6yt\u00e4kirja-aineistosta tulostamalla\u200b<\/em><\/li>\n<li><em>Sis\u00e4lt\u00e4\u00e4 kauden aikana tapahtuneet vahingot, vaaratilanteet ja tehdyt huomautukset\u2019\u200b<\/em><\/li>\n<li><em>Kokonaislukum\u00e4\u00e4r\u00e4n\u00e4 viikoittain, alueittain, aiheittain ja urakoitsijoittain<\/em><\/li>\n<\/ul>\n","protected":false},"excerpt":{"rendered":"<p>1. Ty\u00f6maakohtaisen sovelluksen k\u00e4ytt\u00f6\u00f6notto\u200b Piikallion ty\u00f6ntekij\u00e4 k\u00e4ynnist\u00e4\u00e4 ja opastaa alkuun\u200b Projektin alussa m\u00e4\u00e4ritet\u00e4\u00e4n mm. seurattavat asiat ja ty\u00f6maan alueet\u00a0\u200b Viikkotarkastuskierroksen yhteydess\u00e4 kirjattavat vahingot, vaaratilanteet ja turvallisuushavainnot \u200b 2. Tarkastusp\u00f6yt\u00e4kirjan laatiminen\u200b Turvallisuusp\u00e4\u00e4llikk\u00f6 kirjaa havainnot tarkastuskohteessa tai heti ty\u00f6maakierroksen j\u00e4lkeen\u200b Ty\u00f6maakohtaisesti tehtyjen valintaikkunoiden k\u00e4ytt\u00f6 nopeuttaa kirjaamista\u200b 3. Viikkotarkastusraportit\u200b Virallinen tarkastusp\u00f6yt\u00e4kirja, aiheittain ryhmiteltyn\u00e4 sis\u00e4lt\u00e4en huomautusten otsikot\u200b Tarkastusp\u00f6yt\u00e4kirjan liite [&hellip;]<\/p>\n","protected":false},"author":1,"featured_media":0,"parent":0,"menu_order":0,"comment_status":"closed","ping_status":"closed","template":"","meta":{"footnotes":""},"class_list":["post-90","page","type-page","status-publish","hentry"],"yoast_head":"<!-- This site is optimized with the Yoast SEO plugin v15.9.2 - https:\/\/yoast.com\/wordpress\/plugins\/seo\/ -->\n<title>Turvallisuustarkastusohjelma - Piikallio<\/title>\n<link rel=\"canonical\" href=\"http:\/\/www.piikallio.fi\/?page_id=90\" \/>\n<meta property=\"og:locale\" content=\"fi_FI\" \/>\n<meta property=\"og:type\" content=\"article\" \/>\n<meta property=\"og:title\" content=\"Turvallisuustarkastusohjelma - Piikallio\" \/>\n<meta property=\"og:description\" content=\"1. Ty\u00f6maakohtaisen sovelluksen k\u00e4ytt\u00f6\u00f6notto\u200b Piikallion ty\u00f6ntekij\u00e4 k\u00e4ynnist\u00e4\u00e4 ja opastaa alkuun\u200b Projektin alussa m\u00e4\u00e4ritet\u00e4\u00e4n mm. seurattavat asiat ja ty\u00f6maan alueet\u00a0\u200b Viikkotarkastuskierroksen yhteydess\u00e4 kirjattavat vahingot, vaaratilanteet ja turvallisuushavainnot \u200b 2. Tarkastusp\u00f6yt\u00e4kirjan laatiminen\u200b Turvallisuusp\u00e4\u00e4llikk\u00f6 kirjaa havainnot tarkastuskohteessa tai heti ty\u00f6maakierroksen j\u00e4lkeen\u200b Ty\u00f6maakohtaisesti tehtyjen valintaikkunoiden k\u00e4ytt\u00f6 nopeuttaa kirjaamista\u200b 3. Viikkotarkastusraportit\u200b Virallinen tarkastusp\u00f6yt\u00e4kirja, aiheittain ryhmiteltyn\u00e4 sis\u00e4lt\u00e4en huomautusten otsikot\u200b Tarkastusp\u00f6yt\u00e4kirjan liite [&hellip;]\" \/>\n<meta property=\"og:url\" content=\"http:\/\/www.piikallio.fi\/?page_id=90\" \/>\n<meta property=\"og:site_name\" content=\"Piikallio\" \/>\n<meta property=\"article:modified_time\" content=\"2021-05-13T06:22:07+00:00\" \/>\n<meta name=\"twitter:card\" content=\"summary_large_image\" \/>\n<meta name=\"twitter:label1\" content=\"Est. reading time\">\n\t<meta name=\"twitter:data1\" content=\"1 minuutti\">\n<script type=\"application\/ld+json\" class=\"yoast-schema-graph\">{\"@context\":\"https:\/\/schema.org\",\"@graph\":[{\"@type\":\"WebSite\",\"@id\":\"http:\/\/www.piikallio.fi\/#website\",\"url\":\"http:\/\/www.piikallio.fi\/\",\"name\":\"Piikallio\",\"description\":\"\",\"potentialAction\":[{\"@type\":\"SearchAction\",\"target\":\"http:\/\/www.piikallio.fi\/?s={search_term_string}\",\"query-input\":\"required name=search_term_string\"}],\"inLanguage\":\"fi\"},{\"@type\":\"WebPage\",\"@id\":\"http:\/\/www.piikallio.fi\/?page_id=90#webpage\",\"url\":\"http:\/\/www.piikallio.fi\/?page_id=90\",\"name\":\"Turvallisuustarkastusohjelma - Piikallio\",\"isPartOf\":{\"@id\":\"http:\/\/www.piikallio.fi\/#website\"},\"datePublished\":\"2021-03-17T12:11:42+00:00\",\"dateModified\":\"2021-05-13T06:22:07+00:00\",\"breadcrumb\":{\"@id\":\"http:\/\/www.piikallio.fi\/?page_id=90#breadcrumb\"},\"inLanguage\":\"fi\",\"potentialAction\":[{\"@type\":\"ReadAction\",\"target\":[\"http:\/\/www.piikallio.fi\/?page_id=90\"]}]},{\"@type\":\"BreadcrumbList\",\"@id\":\"http:\/\/www.piikallio.fi\/?page_id=90#breadcrumb\",\"itemListElement\":[{\"@type\":\"ListItem\",\"position\":1,\"item\":{\"@type\":\"WebPage\",\"@id\":\"http:\/\/www.piikallio.fi\/\",\"url\":\"http:\/\/www.piikallio.fi\/\",\"name\":\"Etusivu\"}},{\"@type\":\"ListItem\",\"position\":2,\"item\":{\"@type\":\"WebPage\",\"@id\":\"http:\/\/www.piikallio.fi\/?page_id=90\",\"url\":\"http:\/\/www.piikallio.fi\/?page_id=90\",\"name\":\"Turvallisuustarkastusohjelma\"}}]}]}<\/script>\n<!-- \/ Yoast SEO plugin. -->","_links":{"self":[{"href":"http:\/\/www.piikallio.fi\/index.php?rest_route=\/wp\/v2\/pages\/90","targetHints":{"allow":["GET"]}}],"collection":[{"href":"http:\/\/www.piikallio.fi\/index.php?rest_route=\/wp\/v2\/pages"}],"about":[{"href":"http:\/\/www.piikallio.fi\/index.php?rest_route=\/wp\/v2\/types\/page"}],"author":[{"embeddable":true,"href":"http:\/\/www.piikallio.fi\/index.php?rest_route=\/wp\/v2\/users\/1"}],"replies":[{"embeddable":true,"href":"http:\/\/www.piikallio.fi\/index.php?rest_route=%2Fwp%2Fv2%2Fcomments&post=90"}],"version-history":[{"count":7,"href":"http:\/\/www.piikallio.fi\/index.php?rest_route=\/wp\/v2\/pages\/90\/revisions"}],"predecessor-version":[{"id":262,"href":"http:\/\/www.piikallio.fi\/index.php?rest_route=\/wp\/v2\/pages\/90\/revisions\/262"}],"wp:attachment":[{"href":"http:\/\/www.piikallio.fi\/index.php?rest_route=%2Fwp%2Fv2%2Fmedia&parent=90"}],"curies":[{"name":"wp","href":"https:\/\/api.w.org\/{rel}","templated":true}]}}